{"id":97,"date":"2025-02-15T15:22:51","date_gmt":"2025-02-15T14:22:51","guid":{"rendered":"https:\/\/rot-weisse-funken-guesten.de\/?page_id=97"},"modified":"2025-05-20T10:24:07","modified_gmt":"2025-05-20T09:24:07","slug":"impressum","status":"publish","type":"page","link":"https:\/\/rot-weisse-funken-guesten.de\/home\/impressum\/","title":{"rendered":"Impressum"},"content":{"rendered":"\n<p><strong><u>Angaben gem\u00e4\u00df \u00a7 5 TMG:<\/u><\/strong><\/p>\n\n\n\n<p>TSG Rot Wei\u00dfe Funken G\u00fcsten e.V.<br>Sarah\u00a0Weihrauch, 2.\u00a0Vorsitzende (kommissarisch 1.\u00a0Vorsitz), Licher Allee 7, 52428 J\u00fclich<\/p>\n\n\n\n<p>vertreten durch den Vorstand<\/p>\n\n\n\n<p><strong><u>Kontakt:<\/u><br><\/strong>E-Mail: tanzen(at)rot-weisse-funken-guesten.de<\/p>\n\n\n\n<p><strong><u>Registereintrag:<\/u><\/strong><\/p>\n\n\n\n<p>Eintragung im Vereinsregister.&nbsp;<br>Registergericht: Amtsgericht D\u00fcren Az. VR 20843<\/p>\n\n\n\n<p><strong><u>Verantwortlich f\u00fcr den Inhalt nach \u00a7 55 Abs. 2 RStV:<\/u><\/strong><\/p>\n\n\n\n<p>Sarah Weihrauch, E-Mail: tanzen(at)rot-weisse-funken-guesten.de<\/p>\n\n\n\n<p><strong><a><u>Hinweis gem\u00e4\u00df \u00a7 36 VSBG:<\/u><\/a><\/strong><\/p>\n\n\n\n<p>Wir sind weder bereit noch verpflichtet, an Streitbeilegungsverfahren vor einer Verbraucherschlichtungsstelle teilzunehmen.<\/p>\n\n\n\n<p><strong><a><u>Haftungsausschluss (Disclaimer)<\/u><\/a><\/strong><\/p>\n\n\n\n<p><strong>Urheberrecht<\/strong><\/p>\n\n\n\n<p>Die Inhalte dieser Seiten unterliegen dem Urheberrecht. Die Vervielf\u00e4ltigung, Bearbeitung und Verwertung au\u00dferhalb der Grenzen des Urheberrechts bed\u00fcrfen daher der Zustimmung des jeweiligen Autors bzw. Erstellers.<\/p>\n\n\n\n<p>Soweit die Inhalte nicht vom Betreiber erstellt wurden, werden die Urheberrechte Dritter beachtet. Inhalte Dritter werden als solche gekennzeichnet. Sollten Sie trotzdem auf eine Urheberrechtsverletzung aufmerksam werden, bitte ich um einen entsprechenden Hinweis. Bei Bekanntwerden von Rechtsverletzungen werden die die betroffenen Inhalte umgehend entfernen.<\/p>\n\n\n\n<p><strong>Haftung f\u00fcr Inhalte<\/strong><\/p>\n\n\n\n<p>Gem\u00e4\u00df \u00a7 7 Abs. 1 TMG besteht eine Verantwortlichkeit nach den allgemeinen Gesetzen f\u00fcr eigene Inhalte, die auf eigenen Seiten bereitgehalten wird. Gem\u00e4\u00df \u00a7\u00a7 8 \u2013 10 TMG besteht aber keine Verpflichtung, \u00fcbermittelte oder gespeicherte fremde Informationen zu \u00fcberwachen oder nach Umst\u00e4nden zu forschen, die auf eine rechtswidrige T\u00e4tigkeit hinweisen. Verpflichtungen zur Entfernung oder Sperrung der Nutzung von Informationen nach den allgemeinen Gesetzten bleiben unber\u00fchrt. Eine diesbez\u00fcgliche Haftung ist jedoch erst ab dem Zeitpunkt der Kenntnis der konkreten Rechtsverletzung m\u00f6glich. Werden entsprechende Rechtsverletzungen bekannt, werden wir die betroffenen Inhalte umgehend entfernen.<\/p>\n\n\n\n<p><strong><a><u>Haftung f\u00fcr Links:<\/u><\/a><\/strong><\/p>\n\n\n\n<p>Auf den Inhalt von externen Webseiten Dritter haben wir keinen Einfluss und k\u00f6nnen daher f\u00fcr Inhalte von verlinkten Seiten keine Haftung \u00fcbernehmen. Verantwortlich ist stets der Betreiber der jeweiligen Seite. Zum Zeitpunkt der Verlinkung waren Rechtsverst\u00f6\u00dfe auf den verlinkten Seiten nicht erkennbar. Werden solche bekannt, werden wir die Links umgehend entfernen.<\/p>\n","protected":false},"excerpt":{"rendered":"<p>Angaben gem\u00e4\u00df \u00a7 5 TMG: TSG Rot Wei\u00dfe Funken G\u00fcsten e.V.Sarah\u00a0Weihrauch, 2.\u00a0Vorsitzende (kommissarisch 1.\u00a0Vorsitz), Licher Allee 7, 52428 J\u00fclich vertreten [&hellip;]<\/p>\n","protected":false},"author":1,"featured_media":0,"parent":0,"menu_order":0,"comment_status":"closed","ping_status":"closed","template":"","meta":{"site-sidebar-layout":"default","site-content-layout":"","ast-site-content-layout":"default","site-content-style":"default","site-sidebar-style":"default","ast-global-header-display":"","ast-banner-title-visibility":"","ast-main-header-display":"","ast-hfb-above-header-display":"","ast-hfb-below-header-display":"","ast-hfb-mobile-header-display":"","site-post-title":"","ast-breadcrumbs-content":"","ast-featured-img":"","footer-sml-layout":"","ast-disable-related-posts":"","theme-transparent-header-meta":"","adv-header-id-meta":"","stick-header-meta":"","header-above-stick-meta":"","header-main-stick-meta":"","header-below-stick-meta":"","astra-migrate-meta-layouts":"default","ast-page-background-enabled":"default","ast-page-background-meta":{"desktop":{"background-color":"var(--ast-global-color-5)","background-image":"","background-repeat":"repeat","background-position":"center center","background-size":"auto","background-attachment":"scroll","background-type":"","background-media":"","overlay-type":"","overlay-color":"","overlay-opacity":"","overlay-gradient":""},"tablet":{"background-color":"","background-image":"","background-repeat":"repeat","background-position":"center center","background-size":"auto","background-attachment":"scroll","background-type":"","background-media":"","overlay-type":"","overlay-color":"","overlay-opacity":"","overlay-gradient":""},"mobile":{"background-color":"","background-image":"","background-repeat":"repeat","background-position":"center center","background-size":"auto","background-attachment":"scroll","background-type":"","background-media":"","overlay-type":"","overlay-color":"","overlay-opacity":"","overlay-gradient":""}},"ast-content-background-meta":{"desktop":{"background-color":"var(--ast-global-color-4)","background-image":"","background-repeat":"repeat","background-position":"center center","background-size":"auto","background-attachment":"scroll","background-type":"","background-media":"","overlay-type":"","overlay-color":"","overlay-opacity":"","overlay-gradient":""},"tablet":{"background-color":"var(--ast-global-color-4)","background-image":"","background-repeat":"repeat","background-position":"center center","background-size":"auto","background-attachment":"scroll","background-type":"","background-media":"","overlay-type":"","overlay-color":"","overlay-opacity":"","overlay-gradient":""},"mobile":{"background-color":"var(--ast-global-color-4)","background-image":"","background-repeat":"repeat","background-position":"center center","background-size":"auto","background-attachment":"scroll","background-type":"","background-media":"","overlay-type":"","overlay-color":"","overlay-opacity":"","overlay-gradient":""}},"footnotes":""},"class_list":["post-97","page","type-page","status-publish","hentry"],"_links":{"self":[{"href":"https:\/\/rot-weisse-funken-guesten.de\/home\/wp-json\/wp\/v2\/pages\/97","targetHints":{"allow":["GET"]}}],"collection":[{"href":"https:\/\/rot-weisse-funken-guesten.de\/home\/wp-json\/wp\/v2\/pages"}],"about":[{"href":"https:\/\/rot-weisse-funken-guesten.de\/home\/wp-json\/wp\/v2\/types\/page"}],"author":[{"embeddable":true,"href":"https:\/\/rot-weisse-funken-guesten.de\/home\/wp-json\/wp\/v2\/users\/1"}],"replies":[{"embeddable":true,"href":"https:\/\/rot-weisse-funken-guesten.de\/home\/wp-json\/wp\/v2\/comments?post=97"}],"version-history":[{"count":2,"href":"https:\/\/rot-weisse-funken-guesten.de\/home\/wp-json\/wp\/v2\/pages\/97\/revisions"}],"predecessor-version":[{"id":141,"href":"https:\/\/rot-weisse-funken-guesten.de\/home\/wp-json\/wp\/v2\/pages\/97\/revisions\/141"}],"wp:attachment":[{"href":"https:\/\/rot-weisse-funken-guesten.de\/home\/wp-json\/wp\/v2\/media?parent=97"}],"curies":[{"name":"wp","href":"https:\/\/api.w.org\/{rel}","templated":true}]}}